{"id":16,"date":"2023-11-16T19:17:25","date_gmt":"2023-11-16T18:17:25","guid":{"rendered":"https:\/\/huertos-y-jardines-urbanos.entutienda.vip\/?page_id=16"},"modified":"2023-11-16T19:17:26","modified_gmt":"2023-11-16T18:17:26","slug":"politica-cookies","status":"publish","type":"page","link":"https:\/\/huertos-y-jardines-urbanos.entutienda.vip\/index.php\/politica-cookies\/","title":{"rendered":"Pol\u00edtica de Cookies"},"content":{"rendered":"\n<p>En cumplimiento con lo dispuesto en el art\u00edculo 22.2 de la Ley 34\/2002, de 11 de julio, de Servicios de la Sociedad de la Informaci\u00f3n y de Comercio Electr\u00f3nico, esta p\u00e1gina web le informa, en esta secci\u00f3n, sobre la pol\u00edtica de recogida y tratamiento de cookies.<\/p>\n\n\n\n<h4 class=\"wp-block-heading\" id=\"qu-son-las-cookies\">\u00bfQu\u00e9 son las cookies?<\/h4>\n\n\n\n<p>Una cookie es un fichero que se descarga en su ordenador al acceder a determinadas p\u00e1ginas web. Las cookies permiten a una p\u00e1gina web, entre otras cosas, almacenar y recuperar informaci\u00f3n sobre los h\u00e1bitos de navegaci\u00f3n de un usuario o de su equipo y, dependiendo de la informaci\u00f3n que contengan y de la forma en que utilice su equipo, pueden utilizarse para reconocer al usuario.\u00bfQu\u00e9 tipos de cookies utiliza esta p\u00e1gina web?<\/p>\n\n\n\n<ul class=\"wp-block-list\">\n<li><strong>Cookies de an\u00e1lisis &#8211;<\/strong>&nbsp;Son aqu\u00e9llas que bien tratadas por nosotros o por terceros, nos permiten cuantificar el n\u00famero de usuarios y as\u00ed realizar la medici\u00f3n y an\u00e1lisis estad\u00edstico de la utilizaci\u00f3n que hacen los usuarios del servicio ofertado. Para ello se analiza su navegaci\u00f3n en nuestra p\u00e1gina web con el fin de mejorar la oferta de productos o servicios que le ofrecemos.<\/li>\n\n\n\n<li><strong>Cookies publicitarias &#8211;<\/strong>&nbsp;Son aqu\u00e9llas que, bien tratadas por nosotros o por terceros, nos permiten gestionar de la forma m\u00e1s eficaz posible la oferta de los espacios publicitarios que hay en la p\u00e1gina web, adecuando el contenido del anuncio al contenido del servicio solicitado o al uso que realice de nuestra p\u00e1gina web. Para ello podemos analizar sus h\u00e1bitos de navegaci\u00f3n en Internet y podemos mostrarle publicidad relacionada con su perfil de navegaci\u00f3n.<\/li>\n<\/ul>\n\n\n\n<h4 class=\"wp-block-heading\" id=\"cmo-desactivar-las-cookies\">C\u00f3mo desactivar las Cookies<\/h4>\n\n\n\n<p>Puede usted permitir, bloquear o eliminar las cookies instaladas en su equipo mediante la configuraci\u00f3n de las opciones del navegador instalado en su ordenador.<\/p>\n\n\n\n<p>A continuaci\u00f3n puede acceder a la configuraci\u00f3n de los navegadores webs m\u00e1s frecuentes para aceptar, instalar o desactivar las cookies:<\/p>\n\n\n\n<ul class=\"wp-block-list\">\n<li><strong><a href=\"http:\/\/support.mozilla.org\/es\/kb\/habilitar-y-deshabilitar-cookies-que-los-sitios-we\" target=\"_blank\" rel=\"noreferrer noopener\">Firefox<\/a><\/strong><\/li>\n\n\n\n<li><strong><a href=\"http:\/\/support.apple.com\/kb\/HT1677?viewlocale=es_ES\" target=\"_blank\" rel=\"noreferrer noopener\">Safari<\/a><\/strong><\/li>\n\n\n\n<li><strong><a href=\"https:\/\/support.google.com\/chrome\/answer\/95647?hl=es\" target=\"_blank\" rel=\"noreferrer noopener\">Google Chrome<\/a><\/strong><\/li>\n\n\n\n<li><strong><a href=\"https:\/\/support.microsoft.com\/ca-es\/help\/17442\/windows-internet-explorer-delete-manage-cookies\" target=\"_blank\" rel=\"noreferrer noopener\">Explorer<\/a><\/strong><\/li>\n<\/ul>\n\n\n\n<h4 class=\"wp-block-heading\" id=\"cookies-de-terceros\">Cookies de Terceros<\/h4>\n\n\n\n<p>Esta p\u00e1gina web utiliza servicios de terceros para recopilar informaci\u00f3n con fines estad\u00edsticos y de uso de la web.<\/p>\n","protected":false},"excerpt":{"rendered":"<p>En cumplimiento con lo dispuesto en el art\u00edculo 22.2 de la Ley 34\/2002, de 11 de julio, de Servicios de la Sociedad de la Informaci\u00f3n y de Comercio Electr\u00f3nico, esta p\u00e1gina web le informa, en esta secci\u00f3n, sobre la pol\u00edtica de recogida y tratamiento de cookies. \u00bfQu\u00e9 son las cookies? Una cookie es un fichero &#8230; <a title=\"Pol\u00edtica de Cookies\" class=\"read-more\" href=\"https:\/\/huertos-y-jardines-urbanos.entutienda.vip\/index.php\/politica-cookies\/\" aria-label=\"M\u00e1s en Pol\u00edtica de Cookies\">Leer m\u00e1s<\/a><\/p>\n","protected":false},"author":1,"featured_media":0,"parent":0,"menu_order":0,"comment_status":"closed","ping_status":"closed","template":"","meta":{"footnotes":""},"wf_page_folders":[3],"class_list":["post-16","page","type-page","status-publish"],"yoast_head":"<!-- This site is optimized with the Yoast SEO plugin v21.5 - https:\/\/yoast.com\/wordpress\/plugins\/seo\/ -->\n<title>Pol\u00edtica de Cookies<\/title>\n<meta name=\"robots\" content=\"noindex, follow\" \/>\n<meta property=\"og:locale\" content=\"es_ES\" \/>\n<meta property=\"og:type\" content=\"article\" \/>\n<meta property=\"og:title\" content=\"Pol\u00edtica de Cookies\" \/>\n<meta property=\"og:description\" content=\"En cumplimiento con lo dispuesto en el art\u00edculo 22.2 de la Ley 34\/2002, de 11 de julio, de Servicios de la Sociedad de la Informaci\u00f3n y de Comercio Electr\u00f3nico, esta p\u00e1gina web le informa, en esta secci\u00f3n, sobre la pol\u00edtica de recogida y tratamiento de cookies. \u00bfQu\u00e9 son las cookies? Una cookie es un fichero ... Leer m\u00e1s\" \/>\n<meta property=\"og:url\" content=\"https:\/\/huertos-y-jardines-urbanos.entutienda.vip\/index.php\/politica-cookies\/\" \/>\n<meta property=\"og:site_name\" content=\"Huertos y jardines urbanos\" \/>\n<meta property=\"article:modified_time\" content=\"2023-11-16T18:17:26+00:00\" \/>\n<meta name=\"twitter:card\" content=\"summary_large_image\" \/>\n<meta name=\"twitter:label1\" content=\"Tiempo de lectura\" \/>\n\t<meta name=\"twitter:data1\" content=\"2 minutos\" \/>\n<script type=\"application\/ld+json\" class=\"yoast-schema-graph\">{\"@context\":\"https:\/\/schema.org\",\"@graph\":[{\"@type\":\"WebPage\",\"@id\":\"https:\/\/huertos-y-jardines-urbanos.entutienda.vip\/index.php\/politica-cookies\/\",\"url\":\"https:\/\/huertos-y-jardines-urbanos.entutienda.vip\/index.php\/politica-cookies\/\",\"name\":\"Pol\u00edtica de Cookies\",\"isPartOf\":{\"@id\":\"https:\/\/huertos-y-jardines-urbanos.entutienda.vip\/#website\"},\"datePublished\":\"2023-11-16T18:17:25+00:00\",\"dateModified\":\"2023-11-16T18:17:26+00:00\",\"inLanguage\":\"es\",\"potentialAction\":[{\"@type\":\"ReadAction\",\"target\":[\"https:\/\/huertos-y-jardines-urbanos.entutienda.vip\/index.php\/politica-cookies\/\"]}]},{\"@type\":\"WebSite\",\"@id\":\"https:\/\/huertos-y-jardines-urbanos.entutienda.vip\/#website\",\"url\":\"https:\/\/huertos-y-jardines-urbanos.entutienda.vip\/\",\"name\":\"Huertos y jardines urbanos\",\"description\":\"Tienda con productos para montar tu huerto o jard\u00edn en casa\",\"potentialAction\":[{\"@type\":\"SearchAction\",\"target\":{\"@type\":\"EntryPoint\",\"urlTemplate\":\"https:\/\/huertos-y-jardines-urbanos.entutienda.vip\/?s={search_term_string}\"},\"query-input\":\"required name=search_term_string\"}],\"inLanguage\":\"es\"}]}<\/script>\n<!-- \/ Yoast SEO plugin. -->","yoast_head_json":{"title":"Pol\u00edtica de Cookies","robots":{"index":"noindex","follow":"follow"},"og_locale":"es_ES","og_type":"article","og_title":"Pol\u00edtica de Cookies","og_description":"En cumplimiento con lo dispuesto en el art\u00edculo 22.2 de la Ley 34\/2002, de 11 de julio, de Servicios de la Sociedad de la Informaci\u00f3n y de Comercio Electr\u00f3nico, esta p\u00e1gina web le informa, en esta secci\u00f3n, sobre la pol\u00edtica de recogida y tratamiento de cookies. \u00bfQu\u00e9 son las cookies? Una cookie es un fichero ... Leer m\u00e1s","og_url":"https:\/\/huertos-y-jardines-urbanos.entutienda.vip\/index.php\/politica-cookies\/","og_site_name":"Huertos y jardines urbanos","article_modified_time":"2023-11-16T18:17:26+00:00","twitter_card":"summary_large_image","twitter_misc":{"Tiempo de lectura":"2 minutos"},"schema":{"@context":"https:\/\/schema.org","@graph":[{"@type":"WebPage","@id":"https:\/\/huertos-y-jardines-urbanos.entutienda.vip\/index.php\/politica-cookies\/","url":"https:\/\/huertos-y-jardines-urbanos.entutienda.vip\/index.php\/politica-cookies\/","name":"Pol\u00edtica de Cookies","isPartOf":{"@id":"https:\/\/huertos-y-jardines-urbanos.entutienda.vip\/#website"},"datePublished":"2023-11-16T18:17:25+00:00","dateModified":"2023-11-16T18:17:26+00:00","inLanguage":"es","potentialAction":[{"@type":"ReadAction","target":["https:\/\/huertos-y-jardines-urbanos.entutienda.vip\/index.php\/politica-cookies\/"]}]},{"@type":"WebSite","@id":"https:\/\/huertos-y-jardines-urbanos.entutienda.vip\/#website","url":"https:\/\/huertos-y-jardines-urbanos.entutienda.vip\/","name":"Huertos y jardines urbanos","description":"Tienda con productos para montar tu huerto o jard\u00edn en casa","potentialAction":[{"@type":"SearchAction","target":{"@type":"EntryPoint","urlTemplate":"https:\/\/huertos-y-jardines-urbanos.entutienda.vip\/?s={search_term_string}"},"query-input":"required name=search_term_string"}],"inLanguage":"es"}]}},"_links":{"self":[{"href":"https:\/\/huertos-y-jardines-urbanos.entutienda.vip\/index.php\/wp-json\/wp\/v2\/pages\/16","targetHints":{"allow":["GET"]}}],"collection":[{"href":"https:\/\/huertos-y-jardines-urbanos.entutienda.vip\/index.php\/wp-json\/wp\/v2\/pages"}],"about":[{"href":"https:\/\/huertos-y-jardines-urbanos.entutienda.vip\/index.php\/wp-json\/wp\/v2\/types\/page"}],"author":[{"embeddable":true,"href":"https:\/\/huertos-y-jardines-urbanos.entutienda.vip\/index.php\/wp-json\/wp\/v2\/users\/1"}],"replies":[{"embeddable":true,"href":"https:\/\/huertos-y-jardines-urbanos.entutienda.vip\/index.php\/wp-json\/wp\/v2\/comments?post=16"}],"version-history":[{"count":1,"href":"https:\/\/huertos-y-jardines-urbanos.entutienda.vip\/index.php\/wp-json\/wp\/v2\/pages\/16\/revisions"}],"predecessor-version":[{"id":17,"href":"https:\/\/huertos-y-jardines-urbanos.entutienda.vip\/index.php\/wp-json\/wp\/v2\/pages\/16\/revisions\/17"}],"wp:attachment":[{"href":"https:\/\/huertos-y-jardines-urbanos.entutienda.vip\/index.php\/wp-json\/wp\/v2\/media?parent=16"}],"wp:term":[{"taxonomy":"wf_page_folders","embeddable":true,"href":"https:\/\/huertos-y-jardines-urbanos.entutienda.vip\/index.php\/wp-json\/wp\/v2\/wf_page_folders?post=16"}],"curies":[{"name":"wp","href":"https:\/\/api.w.org\/{rel}","templated":true}]}}