{"id":35,"date":"2023-11-16T22:39:00","date_gmt":"2023-11-16T21:39:00","guid":{"rendered":"https:\/\/huertos-y-jardines-urbanos.entutienda.vip\/?page_id=35"},"modified":"2023-11-16T23:40:01","modified_gmt":"2023-11-16T22:40:01","slug":"los-mejores-productos-para-montar-tu-huerto-o-jardin-urbano","status":"publish","type":"page","link":"https:\/\/huertos-y-jardines-urbanos.entutienda.vip\/","title":{"rendered":"Los mejores productos para montar tu huerto o jard\u00edn urbano"},"content":{"rendered":"\n[ap-productos country=\u00bbes\u00bb action=\u00bbbest-sellers\u00bb affiliated_id=\u00bbhuertos-y-jardines-urbanos-21&#8243; items=\u00bb10&#8243; show=\u00bbrandom\u00bb]\n\n\n\n<h2 class=\"wp-block-heading\">Aqu\u00ed puedes ver los productos m\u00e1s vendidos<\/h2>\n\n\n\n[\/ap-productos]\n\n\n\n[ap-productos country=\u00bbes\u00bb action=\u00bbmax-discount\u00bb affiliated_id=\u00bbhuertos-y-jardines-urbanos-21&#8243; items=\u00bb10&#8243; show=\u00bbrandom\u00bb]\n\n\n\n<h2 class=\"wp-block-heading\">Tambi\u00e9n puedes ver que productos tienen mayores descuentos<\/h2>\n\n\n\n[\/ap-productos]\n\n\n\n<h2 class=\"wp-block-heading\">Categor\u00edas de productos<\/h2>\n\n\n\n<div class=\"wp-block-columns is-layout-flex wp-container-core-columns-is-layout-9d6595d7 wp-block-columns-is-layout-flex\">\n<div class=\"wp-block-column is-layout-flow wp-block-column-is-layout-flow\"><div class=\"wp-block-image is-resized\">\n<figure class=\"aligncenter size-full\"><a href=\"https:\/\/huertos-y-jardines-urbanos.entutienda.vip\/index.php\/substratos\/\"><img loading=\"lazy\" decoding=\"async\" width=\"500\" height=\"500\" src=\"https:\/\/huertos-y-jardines-urbanos.entutienda.vip\/wp-content\/uploads\/2023\/11\/substratos.jpg\" alt=\"Selecci\u00f3n de substratos\" class=\"wp-image-117\" srcset=\"https:\/\/huertos-y-jardines-urbanos.entutienda.vip\/wp-content\/uploads\/2023\/11\/substratos.jpg 500w, https:\/\/huertos-y-jardines-urbanos.entutienda.vip\/wp-content\/uploads\/2023\/11\/substratos-300x300.jpg 300w, https:\/\/huertos-y-jardines-urbanos.entutienda.vip\/wp-content\/uploads\/2023\/11\/substratos-150x150.jpg 150w\" sizes=\"auto, (max-width: 500px) 100vw, 500px\" \/><\/a><\/figure>\n<\/div>\n\n\n<p><strong>Selecci\u00f3n de substratos<\/strong><\/p>\n\n\n<div class=\"wp-block-image is-resized\">\n<figure class=\"aligncenter size-full\"><a href=\"https:\/\/huertos-y-jardines-urbanos.entutienda.vip\/index.php\/bolsas-cultivo-patatas\/\"><img loading=\"lazy\" decoding=\"async\" width=\"500\" height=\"500\" src=\"https:\/\/huertos-y-jardines-urbanos.entutienda.vip\/wp-content\/uploads\/2023\/11\/bolsas-cultivo-patatas.jpg\" alt=\"Bolsas para el cultivo de patatas\" class=\"wp-image-108\" srcset=\"https:\/\/huertos-y-jardines-urbanos.entutienda.vip\/wp-content\/uploads\/2023\/11\/bolsas-cultivo-patatas.jpg 500w, https:\/\/huertos-y-jardines-urbanos.entutienda.vip\/wp-content\/uploads\/2023\/11\/bolsas-cultivo-patatas-300x300.jpg 300w, https:\/\/huertos-y-jardines-urbanos.entutienda.vip\/wp-content\/uploads\/2023\/11\/bolsas-cultivo-patatas-150x150.jpg 150w\" sizes=\"auto, (max-width: 500px) 100vw, 500px\" \/><\/a><\/figure>\n<\/div>\n\n\n<p><strong>Bolsas para el cultivo de patatas<\/strong><\/p>\n\n\n<div class=\"wp-block-image is-resized\">\n<figure class=\"aligncenter size-full\"><a href=\"https:\/\/huertos-y-jardines-urbanos.entutienda.vip\/index.php\/semillas-para-cultivar\/\"><img loading=\"lazy\" decoding=\"async\" width=\"500\" height=\"500\" src=\"https:\/\/huertos-y-jardines-urbanos.entutienda.vip\/wp-content\/uploads\/2023\/11\/semillas.jpg\" alt=\"Semillas para cultivar\" class=\"wp-image-116\" srcset=\"https:\/\/huertos-y-jardines-urbanos.entutienda.vip\/wp-content\/uploads\/2023\/11\/semillas.jpg 500w, https:\/\/huertos-y-jardines-urbanos.entutienda.vip\/wp-content\/uploads\/2023\/11\/semillas-300x300.jpg 300w, https:\/\/huertos-y-jardines-urbanos.entutienda.vip\/wp-content\/uploads\/2023\/11\/semillas-150x150.jpg 150w\" sizes=\"auto, (max-width: 500px) 100vw, 500px\" \/><\/a><\/figure>\n<\/div>\n\n\n<p><strong>Semillas para cultivar<\/strong><\/p>\n\n\n<div class=\"wp-block-image is-resized\">\n<figure class=\"aligncenter size-full\"><a href=\"https:\/\/huertos-y-jardines-urbanos.entutienda.vip\/index.php\/jardineras-mesas-cultivo\/\"><img loading=\"lazy\" decoding=\"async\" width=\"500\" height=\"500\" src=\"https:\/\/huertos-y-jardines-urbanos.entutienda.vip\/wp-content\/uploads\/2023\/11\/jardinera.jpg\" alt=\"Jadineras y mesas para cultivo\" class=\"wp-image-113\" srcset=\"https:\/\/huertos-y-jardines-urbanos.entutienda.vip\/wp-content\/uploads\/2023\/11\/jardinera.jpg 500w, https:\/\/huertos-y-jardines-urbanos.entutienda.vip\/wp-content\/uploads\/2023\/11\/jardinera-300x300.jpg 300w, https:\/\/huertos-y-jardines-urbanos.entutienda.vip\/wp-content\/uploads\/2023\/11\/jardinera-150x150.jpg 150w\" sizes=\"auto, (max-width: 500px) 100vw, 500px\" \/><\/a><\/figure>\n<\/div>\n\n\n<p><strong>Jadineras y mesas para cultivo<\/strong><\/p>\n<\/div>\n\n\n\n<div class=\"wp-block-column is-layout-flow wp-block-column-is-layout-flow\"><div class=\"wp-block-image is-resized\">\n<figure class=\"aligncenter size-full\"><a href=\"https:\/\/huertos-y-jardines-urbanos.entutienda.vip\/index.php\/fertilizantes\/\"><img loading=\"lazy\" decoding=\"async\" width=\"500\" height=\"500\" src=\"https:\/\/huertos-y-jardines-urbanos.entutienda.vip\/wp-content\/uploads\/2023\/11\/fertilizantes.jpg\" alt=\"Selecci\u00f3n de fertilizantes\" class=\"wp-image-109\" srcset=\"https:\/\/huertos-y-jardines-urbanos.entutienda.vip\/wp-content\/uploads\/2023\/11\/fertilizantes.jpg 500w, https:\/\/huertos-y-jardines-urbanos.entutienda.vip\/wp-content\/uploads\/2023\/11\/fertilizantes-300x300.jpg 300w, https:\/\/huertos-y-jardines-urbanos.entutienda.vip\/wp-content\/uploads\/2023\/11\/fertilizantes-150x150.jpg 150w\" sizes=\"auto, (max-width: 500px) 100vw, 500px\" \/><\/a><\/figure>\n<\/div>\n\n\n<p><strong>Selecci\u00f3n de fertilizantes<\/strong><\/p>\n\n\n<div class=\"wp-block-image is-resized\">\n<figure class=\"aligncenter size-full\"><a href=\"https:\/\/huertos-y-jardines-urbanos.entutienda.vip\/index.php\/herramientas-jardineria\/\"><img loading=\"lazy\" decoding=\"async\" width=\"500\" height=\"500\" src=\"https:\/\/huertos-y-jardines-urbanos.entutienda.vip\/wp-content\/uploads\/2023\/11\/herramientas-jardineria.jpg\" alt=\"Herramientas para jardiner\u00eda\" class=\"wp-image-110\" srcset=\"https:\/\/huertos-y-jardines-urbanos.entutienda.vip\/wp-content\/uploads\/2023\/11\/herramientas-jardineria.jpg 500w, https:\/\/huertos-y-jardines-urbanos.entutienda.vip\/wp-content\/uploads\/2023\/11\/herramientas-jardineria-300x300.jpg 300w, https:\/\/huertos-y-jardines-urbanos.entutienda.vip\/wp-content\/uploads\/2023\/11\/herramientas-jardineria-150x150.jpg 150w\" sizes=\"auto, (max-width: 500px) 100vw, 500px\" \/><\/a><\/figure>\n<\/div>\n\n\n<p><strong>Herramientas para jardiner\u00eda<\/strong><\/p>\n\n\n<div class=\"wp-block-image is-resized\">\n<figure class=\"aligncenter size-full\"><a href=\"https:\/\/huertos-y-jardines-urbanos.entutienda.vip\/index.php\/macetas\/\"><img loading=\"lazy\" decoding=\"async\" width=\"1001\" height=\"914\" src=\"https:\/\/huertos-y-jardines-urbanos.entutienda.vip\/wp-content\/uploads\/2023\/11\/macetas.jpg\" alt=\"Macetas para plantar\" class=\"wp-image-115\" srcset=\"https:\/\/huertos-y-jardines-urbanos.entutienda.vip\/wp-content\/uploads\/2023\/11\/macetas.jpg 1001w, https:\/\/huertos-y-jardines-urbanos.entutienda.vip\/wp-content\/uploads\/2023\/11\/macetas-300x274.jpg 300w, https:\/\/huertos-y-jardines-urbanos.entutienda.vip\/wp-content\/uploads\/2023\/11\/macetas-768x701.jpg 768w\" sizes=\"auto, (max-width: 1001px) 100vw, 1001px\" \/><\/a><\/figure>\n<\/div>\n\n\n<p><strong>Macetas para plantar<\/strong><\/p>\n<\/div>\n\n\n\n<div class=\"wp-block-column is-layout-flow wp-block-column-is-layout-flow\"><div class=\"wp-block-image is-resized\">\n<figure class=\"aligncenter size-full\"><a href=\"https:\/\/huertos-y-jardines-urbanos.entutienda.vip\/index.php\/humus-lombriz\/\"><img loading=\"lazy\" decoding=\"async\" width=\"500\" height=\"500\" src=\"https:\/\/huertos-y-jardines-urbanos.entutienda.vip\/wp-content\/uploads\/2023\/11\/humus-de-lombriz.jpg\" alt=\"Humus de lombriz\" class=\"wp-image-111\" srcset=\"https:\/\/huertos-y-jardines-urbanos.entutienda.vip\/wp-content\/uploads\/2023\/11\/humus-de-lombriz.jpg 500w, https:\/\/huertos-y-jardines-urbanos.entutienda.vip\/wp-content\/uploads\/2023\/11\/humus-de-lombriz-300x300.jpg 300w, https:\/\/huertos-y-jardines-urbanos.entutienda.vip\/wp-content\/uploads\/2023\/11\/humus-de-lombriz-150x150.jpg 150w\" sizes=\"auto, (max-width: 500px) 100vw, 500px\" \/><\/a><\/figure>\n<\/div>\n\n\n<p><strong>Humus de lombriz<\/strong><\/p>\n\n\n<div class=\"wp-block-image is-resized\">\n<figure class=\"aligncenter size-full\"><a href=\"https:\/\/huertos-y-jardines-urbanos.entutienda.vip\/index.php\/insecticidas-plantas\/\"><img loading=\"lazy\" decoding=\"async\" width=\"500\" height=\"500\" src=\"https:\/\/huertos-y-jardines-urbanos.entutienda.vip\/wp-content\/uploads\/2023\/11\/insecticida.jpg\" alt=\"Selecci\u00f3n de insecticidas\" class=\"wp-image-112\" srcset=\"https:\/\/huertos-y-jardines-urbanos.entutienda.vip\/wp-content\/uploads\/2023\/11\/insecticida.jpg 500w, https:\/\/huertos-y-jardines-urbanos.entutienda.vip\/wp-content\/uploads\/2023\/11\/insecticida-300x300.jpg 300w, https:\/\/huertos-y-jardines-urbanos.entutienda.vip\/wp-content\/uploads\/2023\/11\/insecticida-150x150.jpg 150w\" sizes=\"auto, (max-width: 500px) 100vw, 500px\" \/><\/a><\/figure>\n<\/div>\n\n\n<p><strong>Selecci\u00f3n de insecticidas<\/strong><\/p>\n\n\n<div class=\"wp-block-image is-resized\">\n<figure class=\"aligncenter size-full\"><a href=\"https:\/\/huertos-y-jardines-urbanos.entutienda.vip\/index.php\/libros-cultivo\/\"><img loading=\"lazy\" decoding=\"async\" width=\"500\" height=\"500\" src=\"https:\/\/huertos-y-jardines-urbanos.entutienda.vip\/wp-content\/uploads\/2023\/11\/libros.jpg\" alt=\"Libros sobre cultivo de huertos urbanos\" class=\"wp-image-114\" srcset=\"https:\/\/huertos-y-jardines-urbanos.entutienda.vip\/wp-content\/uploads\/2023\/11\/libros.jpg 500w, https:\/\/huertos-y-jardines-urbanos.entutienda.vip\/wp-content\/uploads\/2023\/11\/libros-300x300.jpg 300w, https:\/\/huertos-y-jardines-urbanos.entutienda.vip\/wp-content\/uploads\/2023\/11\/libros-150x150.jpg 150w\" sizes=\"auto, (max-width: 500px) 100vw, 500px\" \/><\/a><\/figure>\n<\/div>\n\n\n<p><strong>Libros sobre cultivo de huertos urbanos<\/strong><\/p>\n<\/div>\n<\/div>\n\n\n\n<h2 class=\"wp-block-heading\">Productos de las mejores marcas<\/h2>\n\n\n\n<div class=\"wp-block-columns is-layout-flex wp-container-core-columns-is-layout-9d6595d7 wp-block-columns-is-layout-flex\">\n<div class=\"wp-block-column is-layout-flow wp-block-column-is-layout-flow\">\n<figure class=\"wp-block-image size-full\"><a href=\"https:\/\/huertos-y-jardines-urbanos.entutienda.vip\/index.php\/compo\/\"><img loading=\"lazy\" decoding=\"async\" width=\"500\" height=\"350\" src=\"https:\/\/huertos-y-jardines-urbanos.entutienda.vip\/wp-content\/uploads\/2023\/11\/compo.png\" alt=\"Productos de jardineri\u00eda Compo\" class=\"wp-image-119\" srcset=\"https:\/\/huertos-y-jardines-urbanos.entutienda.vip\/wp-content\/uploads\/2023\/11\/compo.png 500w, https:\/\/huertos-y-jardines-urbanos.entutienda.vip\/wp-content\/uploads\/2023\/11\/compo-300x210.png 300w\" sizes=\"auto, (max-width: 500px) 100vw, 500px\" \/><\/a><\/figure>\n<\/div>\n\n\n\n<div class=\"wp-block-column is-layout-flow wp-block-column-is-layout-flow\">\n<figure class=\"wp-block-image size-full\"><a href=\"https:\/\/huertos-y-jardines-urbanos.entutienda.vip\/index.php\/batlle\/\"><img loading=\"lazy\" decoding=\"async\" width=\"500\" height=\"350\" src=\"https:\/\/huertos-y-jardines-urbanos.entutienda.vip\/wp-content\/uploads\/2023\/11\/batlle.jpg\" alt=\"Batlle - Huerto y jard\u00edn\" class=\"wp-image-118\" srcset=\"https:\/\/huertos-y-jardines-urbanos.entutienda.vip\/wp-content\/uploads\/2023\/11\/batlle.jpg 500w, https:\/\/huertos-y-jardines-urbanos.entutienda.vip\/wp-content\/uploads\/2023\/11\/batlle-300x210.jpg 300w\" sizes=\"auto, (max-width: 500px) 100vw, 500px\" \/><\/a><\/figure>\n<\/div>\n\n\n\n<div class=\"wp-block-column is-layout-flow wp-block-column-is-layout-flow\">\n<figure class=\"wp-block-image size-full\"><a href=\"https:\/\/huertos-y-jardines-urbanos.entutienda.vip\/index.php\/flower\/\"><img loading=\"lazy\" decoding=\"async\" width=\"500\" height=\"350\" src=\"https:\/\/huertos-y-jardines-urbanos.entutienda.vip\/wp-content\/uploads\/2023\/11\/flower.jpg\" alt=\"Productos de jardiner\u00eda Flower\" class=\"wp-image-120\" srcset=\"https:\/\/huertos-y-jardines-urbanos.entutienda.vip\/wp-content\/uploads\/2023\/11\/flower.jpg 500w, https:\/\/huertos-y-jardines-urbanos.entutienda.vip\/wp-content\/uploads\/2023\/11\/flower-300x210.jpg 300w\" sizes=\"auto, (max-width: 500px) 100vw, 500px\" \/><\/a><\/figure>\n<\/div>\n<\/div>\n","protected":false},"excerpt":{"rendered":"<p>[ap-productos country=\u00bbes\u00bb action=\u00bbbest-sellers\u00bb affiliated_id=\u00bbhuertos-y-jardines-urbanos-21&#8243; items=\u00bb10&#8243; show=\u00bbrandom\u00bb] Aqu\u00ed puedes ver los productos m\u00e1s vendidos [\/ap-productos] [ap-productos country=\u00bbes\u00bb action=\u00bbmax-discount\u00bb affiliated_id=\u00bbhuertos-y-jardines-urbanos-21&#8243; items=\u00bb10&#8243; show=\u00bbrandom\u00bb] Tambi\u00e9n puedes ver que productos tienen mayores descuentos [\/ap-productos] Categor\u00edas de productos Selecci\u00f3n de substratos Bolsas para el cultivo de patatas Semillas para cultivar Jadineras y mesas para cultivo Selecci\u00f3n de fertilizantes Herramientas para jardiner\u00eda &#8230; <a title=\"Los mejores productos para montar tu huerto o jard\u00edn urbano\" class=\"read-more\" href=\"https:\/\/huertos-y-jardines-urbanos.entutienda.vip\/\" aria-label=\"M\u00e1s en Los mejores productos para montar tu huerto o jard\u00edn urbano\">Leer m\u00e1s<\/a><\/p>\n","protected":false},"author":1,"featured_media":0,"parent":0,"menu_order":0,"comment_status":"closed","ping_status":"closed","template":"","meta":{"footnotes":""},"wf_page_folders":[2],"class_list":["post-35","page","type-page","status-publish"],"yoast_head":"<!-- This site is optimized with the Yoast SEO plugin v21.5 - https:\/\/yoast.com\/wordpress\/plugins\/seo\/ -->\n<title>Los mejores productos para montar tu huerto o jard\u00edn urbano<\/title>\n<meta name=\"robots\" content=\"noindex, follow, max-snippet:-1, max-image-preview:large, max-video-preview:-1\" \/>\n<meta property=\"og:locale\" content=\"es_ES\" \/>\n<meta property=\"og:type\" content=\"article\" \/>\n<meta property=\"og:title\" content=\"Los mejores productos para montar tu huerto o jard\u00edn urbano\" \/>\n<meta property=\"og:description\" content=\"[ap-productos country=\u00bbes\u00bb action=\u00bbbest-sellers\u00bb affiliated_id=\u00bbhuertos-y-jardines-urbanos-21&#8243; items=\u00bb10&#8243; show=\u00bbrandom\u00bb] Aqu\u00ed puedes ver los productos m\u00e1s vendidos [\/ap-productos] [ap-productos country=\u00bbes\u00bb action=\u00bbmax-discount\u00bb affiliated_id=\u00bbhuertos-y-jardines-urbanos-21&#8243; items=\u00bb10&#8243; show=\u00bbrandom\u00bb] Tambi\u00e9n puedes ver que productos tienen mayores descuentos [\/ap-productos] Categor\u00edas de productos Selecci\u00f3n de substratos Bolsas para el cultivo de patatas Semillas para cultivar Jadineras y mesas para cultivo Selecci\u00f3n de fertilizantes Herramientas para jardiner\u00eda ... Leer m\u00e1s\" \/>\n<meta property=\"og:url\" content=\"https:\/\/huertos-y-jardines-urbanos.entutienda.vip\/\" \/>\n<meta property=\"og:site_name\" content=\"Huertos y jardines urbanos\" \/>\n<meta property=\"article:modified_time\" content=\"2023-11-16T22:40:01+00:00\" \/>\n<meta property=\"og:image\" content=\"https:\/\/huertos-y-jardines-urbanos.entutienda.vip\/wp-content\/uploads\/2023\/11\/substratos.jpg\" \/>\n<meta name=\"twitter:card\" content=\"summary_large_image\" \/>\n<meta name=\"twitter:label1\" content=\"Tiempo de lectura\" \/>\n\t<meta name=\"twitter:data1\" content=\"3 minutos\" \/>\n<script type=\"application\/ld+json\" class=\"yoast-schema-graph\">{\"@context\":\"https:\/\/schema.org\",\"@graph\":[{\"@type\":\"WebPage\",\"@id\":\"https:\/\/huertos-y-jardines-urbanos.entutienda.vip\/\",\"url\":\"https:\/\/huertos-y-jardines-urbanos.entutienda.vip\/\",\"name\":\"Los mejores productos para montar tu huerto o jard\u00edn urbano\",\"isPartOf\":{\"@id\":\"https:\/\/huertos-y-jardines-urbanos.entutienda.vip\/#website\"},\"datePublished\":\"2023-11-16T21:39:00+00:00\",\"dateModified\":\"2023-11-16T22:40:01+00:00\",\"inLanguage\":\"es\",\"potentialAction\":[{\"@type\":\"ReadAction\",\"target\":[\"https:\/\/huertos-y-jardines-urbanos.entutienda.vip\/\"]}]},{\"@type\":\"WebSite\",\"@id\":\"https:\/\/huertos-y-jardines-urbanos.entutienda.vip\/#website\",\"url\":\"https:\/\/huertos-y-jardines-urbanos.entutienda.vip\/\",\"name\":\"Huertos y jardines urbanos\",\"description\":\"Tienda con productos para montar tu huerto o jard\u00edn en casa\",\"potentialAction\":[{\"@type\":\"SearchAction\",\"target\":{\"@type\":\"EntryPoint\",\"urlTemplate\":\"https:\/\/huertos-y-jardines-urbanos.entutienda.vip\/?s={search_term_string}\"},\"query-input\":\"required name=search_term_string\"}],\"inLanguage\":\"es\"}]}<\/script>\n<!-- \/ Yoast SEO plugin. -->","yoast_head_json":{"title":"Los mejores productos para montar tu huerto o jard\u00edn urbano","robots":{"index":"noindex","follow":"follow","max-snippet":"max-snippet:-1","max-image-preview":"max-image-preview:large","max-video-preview":"max-video-preview:-1"},"og_locale":"es_ES","og_type":"article","og_title":"Los mejores productos para montar tu huerto o jard\u00edn urbano","og_description":"[ap-productos country=\u00bbes\u00bb action=\u00bbbest-sellers\u00bb affiliated_id=\u00bbhuertos-y-jardines-urbanos-21&#8243; items=\u00bb10&#8243; show=\u00bbrandom\u00bb] Aqu\u00ed puedes ver los productos m\u00e1s vendidos [\/ap-productos] [ap-productos country=\u00bbes\u00bb action=\u00bbmax-discount\u00bb affiliated_id=\u00bbhuertos-y-jardines-urbanos-21&#8243; items=\u00bb10&#8243; show=\u00bbrandom\u00bb] Tambi\u00e9n puedes ver que productos tienen mayores descuentos [\/ap-productos] Categor\u00edas de productos Selecci\u00f3n de substratos Bolsas para el cultivo de patatas Semillas para cultivar Jadineras y mesas para cultivo Selecci\u00f3n de fertilizantes Herramientas para jardiner\u00eda ... Leer m\u00e1s","og_url":"https:\/\/huertos-y-jardines-urbanos.entutienda.vip\/","og_site_name":"Huertos y jardines urbanos","article_modified_time":"2023-11-16T22:40:01+00:00","og_image":[{"url":"https:\/\/huertos-y-jardines-urbanos.entutienda.vip\/wp-content\/uploads\/2023\/11\/substratos.jpg"}],"twitter_card":"summary_large_image","twitter_misc":{"Tiempo de lectura":"3 minutos"},"schema":{"@context":"https:\/\/schema.org","@graph":[{"@type":"WebPage","@id":"https:\/\/huertos-y-jardines-urbanos.entutienda.vip\/","url":"https:\/\/huertos-y-jardines-urbanos.entutienda.vip\/","name":"Los mejores productos para montar tu huerto o jard\u00edn urbano","isPartOf":{"@id":"https:\/\/huertos-y-jardines-urbanos.entutienda.vip\/#website"},"datePublished":"2023-11-16T21:39:00+00:00","dateModified":"2023-11-16T22:40:01+00:00","inLanguage":"es","potentialAction":[{"@type":"ReadAction","target":["https:\/\/huertos-y-jardines-urbanos.entutienda.vip\/"]}]},{"@type":"WebSite","@id":"https:\/\/huertos-y-jardines-urbanos.entutienda.vip\/#website","url":"https:\/\/huertos-y-jardines-urbanos.entutienda.vip\/","name":"Huertos y jardines urbanos","description":"Tienda con productos para montar tu huerto o jard\u00edn en casa","potentialAction":[{"@type":"SearchAction","target":{"@type":"EntryPoint","urlTemplate":"https:\/\/huertos-y-jardines-urbanos.entutienda.vip\/?s={search_term_string}"},"query-input":"required name=search_term_string"}],"inLanguage":"es"}]}},"_links":{"self":[{"href":"https:\/\/huertos-y-jardines-urbanos.entutienda.vip\/index.php\/wp-json\/wp\/v2\/pages\/35","targetHints":{"allow":["GET"]}}],"collection":[{"href":"https:\/\/huertos-y-jardines-urbanos.entutienda.vip\/index.php\/wp-json\/wp\/v2\/pages"}],"about":[{"href":"https:\/\/huertos-y-jardines-urbanos.entutienda.vip\/index.php\/wp-json\/wp\/v2\/types\/page"}],"author":[{"embeddable":true,"href":"https:\/\/huertos-y-jardines-urbanos.entutienda.vip\/index.php\/wp-json\/wp\/v2\/users\/1"}],"replies":[{"embeddable":true,"href":"https:\/\/huertos-y-jardines-urbanos.entutienda.vip\/index.php\/wp-json\/wp\/v2\/comments?post=35"}],"version-history":[{"count":7,"href":"https:\/\/huertos-y-jardines-urbanos.entutienda.vip\/index.php\/wp-json\/wp\/v2\/pages\/35\/revisions"}],"predecessor-version":[{"id":124,"href":"https:\/\/huertos-y-jardines-urbanos.entutienda.vip\/index.php\/wp-json\/wp\/v2\/pages\/35\/revisions\/124"}],"wp:attachment":[{"href":"https:\/\/huertos-y-jardines-urbanos.entutienda.vip\/index.php\/wp-json\/wp\/v2\/media?parent=35"}],"wp:term":[{"taxonomy":"wf_page_folders","embeddable":true,"href":"https:\/\/huertos-y-jardines-urbanos.entutienda.vip\/index.php\/wp-json\/wp\/v2\/wf_page_folders?post=35"}],"curies":[{"name":"wp","href":"https:\/\/api.w.org\/{rel}","templated":true}]}}